{"id":4,"date":"2016-07-27T10:02:41","date_gmt":"2016-07-27T07:02:41","guid":{"rendered":"http:\/\/kobianaliz.com.tr\/?page_id=4"},"modified":"2019-05-24T10:25:40","modified_gmt":"2019-05-24T07:25:40","slug":"kurumsal","status":"publish","type":"page","link":"https:\/\/tr.sektorturk.com\/?page_id=4","title":{"rendered":"KURUMSAL"},"content":{"rendered":"<p style=\"font-weight: 400;\">T\u00fcrk Ekonomisinin De\u011ferli \u015eirketleri,<\/p>\n<p style=\"font-weight: 400;\">\u0130\u00e7inde bulundu\u011fumuz y\u00fczy\u0131l, i\u015f ve ticaret d\u00fcnyas\u0131nda k\u00f6kl\u00fc de\u011fi\u015fimlere sahne olmaya devam ediyor. Teknolojiyle birlikte d\u00fcnya da de\u011fi\u015fti, rekabet dinamikleri \u00e7ok daha farkl\u0131 bir boyut kazand\u0131.<\/p>\n<p style=\"font-weight: 400;\">Art\u0131k sizlerin de \u00e7ok iyi bildi\u011finiz \u00fczere, d\u00fcnya sahnesinde kal\u0131c\u0131 bir yer ve s\u00fcrd\u00fcr\u00fclebilir bir ba\u015far\u0131 elde etmenin yolu; marka de\u011feri olu\u015fturmaktan ge\u00e7iyor.<\/p>\n<p style=\"font-weight: 400;\">\u00a0<\/p>\n<p style=\"font-weight: 400;\">Tabii sadece marka yaratmak yeterli de\u011fil. Biz bu \u00e7al\u0131\u015fmam\u0131zda, kat\u0131l\u0131mc\u0131lar\u0131n da deste\u011fi ile markala\u015fmaya geni\u015f bir projeksiyon tutmay\u0131 ama\u00e7l\u0131yoruz.<\/p>\n<p style=\"font-weight: 400;\">\u00a0<\/p>\n<p style=\"font-weight: 400;\">Markala\u015fman\u0131n tan\u0131m\u0131, getirileri, olmazsa olmazlar\u0131, markala\u015fma \u2013 kurumsall\u0131k ili\u015fkisi, markalar\u0131n rekabet g\u00fcc\u00fcne ve t\u00fcketici alg\u0131s\u0131na etkisi, millilik vurgusu ve T\u00fcrkiye\u2019nin milli markalar\u0131n\u0131n mensubu olduklar\u0131 sekt\u00f6rlerin hem yerel hem de k\u00fcresel anlamda geli\u015fmesine, ekonominin ivmelenmesine ve en nihayetinde T\u00fcrkiye\u2019nin sahip oldu\u011fu markalarla birlikte ba\u015fl\u0131 ba\u015f\u0131na bir markaya d\u00f6n\u00fc\u015fmesine istinaden oynad\u0131klar\u0131 rol\u2026 T\u00fcrkiye\u2019nin belirlemi\u015f oldu\u011fu 2023 hedefi, bu hedefin y\u00fckseldi\u011fi \u00fc\u00e7 sac aya\u011f\u0131ndan birinin de markala\u015fma olmas\u0131 bizleri bu konuya titizlikle e\u011filmeye y\u00f6nlendiriyor.<\/p>\n<p style=\"font-weight: 400;\">\u00a0<\/p>\n<p style=\"font-weight: 400;\">Sizleri de bu \u00e7al\u0131\u015fmam\u0131zda yer almaya davet ediyoruz\u2026<\/p>\n<p>\u00a0<\/p>\n\n\n<figure class=\"wp-block-image\"><img loading=\"lazy\" decoding=\"async\" width=\"727\" height=\"239\" src=\"http:\/\/sektorturk.com\/wp-content\/uploads\/2019\/05\/imza-jpg.jpg\" alt=\"\" class=\"wp-image-1208\" srcset=\"https:\/\/tr.sektorturk.com\/wp-content\/uploads\/2019\/05\/imza-jpg.jpg 727w, https:\/\/tr.sektorturk.com\/wp-content\/uploads\/2019\/05\/imza-jpg-660x217.jpg 660w, https:\/\/tr.sektorturk.com\/wp-content\/uploads\/2019\/05\/imza-jpg-465x153.jpg 465w, https:\/\/tr.sektorturk.com\/wp-content\/uploads\/2019\/05\/imza-jpg-695x228.jpg 695w\" sizes=\"auto, (max-width: 727px) 100vw, 727px\" \/><\/figure>\n","protected":false},"excerpt":{"rendered":"<p>T\u00fcrk Ekonomisinin De\u011ferli \u015eirketleri, \u0130\u00e7inde bulundu\u011fumuz y\u00fczy\u0131l, i\u015f ve ticaret d\u00fcnyas\u0131nda k\u00f6kl\u00fc de\u011fi\u015fimlere sahne olmaya devam ediyor. Teknolojiyle birlikte d\u00fcnya da de\u011fi\u015fti, rekabet dinamikleri \u00e7ok daha farkl\u0131 bir boyut kazand\u0131. Art\u0131k sizlerin de \u00e7ok iyi bildi\u011finiz \u00fczere, d\u00fcnya sahnesinde kal\u0131c\u0131 bir yer ve s\u00fcrd\u00fcr\u00fclebilir bir ba\u015far\u0131 elde etmenin yolu; marka de\u011feri olu\u015fturmaktan ge\u00e7iyor. \u00a0 Tabii sadece marka yaratmak yeterli de\u011fil. Biz bu \u00e7al\u0131\u015fmam\u0131zda, kat\u0131l\u0131mc\u0131lar\u0131n da deste\u011fi ile markala\u015fmaya geni\u015f bir projeksiyon tutmay\u0131 ama\u00e7l\u0131yoruz. \u00a0 Markala\u015fman\u0131n tan\u0131m\u0131, getirileri, olmazsa olmazlar\u0131, markala\u015fma \u2013 kurumsall\u0131k ili\u015fkisi, markalar\u0131n rekabet g\u00fcc\u00fcne ve t\u00fcketici alg\u0131s\u0131na etkisi, millilik vurgusu ve T\u00fcrkiye\u2019nin milli markalar\u0131n\u0131n mensubu olduklar\u0131 sekt\u00f6rlerin hem yerel hem de k\u00fcresel anlamda geli\u015fmesine, ekonominin ivmelenmesine ve en nihayetinde T\u00fcrkiye\u2019nin sahip oldu\u011fu markalarla birlikte ba\u015fl\u0131 ba\u015f\u0131na bir markaya d\u00f6n\u00fc\u015fmesine istinaden oynad\u0131klar\u0131 rol\u2026 T\u00fcrkiye\u2019nin belirlemi\u015f oldu\u011fu 2023 hedefi, bu hedefin y\u00fckseldi\u011fi \u00fc\u00e7 sac aya\u011f\u0131ndan birinin de markala\u015fma olmas\u0131 bizleri bu konuya titizlikle e\u011filmeye y\u00f6nlendiriyor. \u00a0 Sizleri de bu \u00e7al\u0131\u015fmam\u0131zda yer almaya davet ediyoruz\u2026 \u00a0<\/p>\n","protected":false},"author":1,"featured_media":0,"parent":0,"menu_order":1,"comment_status":"closed","ping_status":"closed","template":"","meta":{"footnotes":""},"class_list":["post-4","page","type-page","status-publish","hentry"],"_links":{"self":[{"href":"https:\/\/tr.sektorturk.com\/index.php?rest_route=\/wp\/v2\/pages\/4","targetHints":{"allow":["GET"]}}],"collection":[{"href":"https:\/\/tr.sektorturk.com\/index.php?rest_route=\/wp\/v2\/pages"}],"about":[{"href":"https:\/\/tr.sektorturk.com\/index.php?rest_route=\/wp\/v2\/types\/page"}],"author":[{"embeddable":true,"href":"https:\/\/tr.sektorturk.com\/index.php?rest_route=\/wp\/v2\/users\/1"}],"replies":[{"embeddable":true,"href":"https:\/\/tr.sektorturk.com\/index.php?rest_route=%2Fwp%2Fv2%2Fcomments&post=4"}],"version-history":[{"count":3,"href":"https:\/\/tr.sektorturk.com\/index.php?rest_route=\/wp\/v2\/pages\/4\/revisions"}],"predecessor-version":[{"id":1209,"href":"https:\/\/tr.sektorturk.com\/index.php?rest_route=\/wp\/v2\/pages\/4\/revisions\/1209"}],"wp:attachment":[{"href":"https:\/\/tr.sektorturk.com\/index.php?rest_route=%2Fwp%2Fv2%2Fmedia&parent=4"}],"curies":[{"name":"wp","href":"https:\/\/api.w.org\/{rel}","templated":true}]}}