{"id":3899,"date":"2025-08-28T09:23:32","date_gmt":"2025-08-28T06:23:32","guid":{"rendered":"https:\/\/www.sektorturk.com\/?page_id=3899"},"modified":"2025-08-30T14:20:34","modified_gmt":"2025-08-30T11:20:34","slug":"2025-fuarlar","status":"publish","type":"page","link":"https:\/\/tr.sektorturk.com\/?page_id=3899","title":{"rendered":"2025 FUARLAR"},"content":{"rendered":"\n<p><strong>ISTANBUL  &#8211; EYL\u00dcL 2025<\/strong><\/p>\n\n\n\n<p><strong>33. WorldFood \u0130stanbul: Uluslararas\u0131 G\u0131da \u00dcr\u00fcnleri Teknolojileri Fuar\u0131<\/strong><\/p>\n\n\n\n<p><strong>2 &#8211; 5 Eyl\u00fcl 2025 \u2022 T\u00dcYAP&nbsp;-BEYL\u0130KD\u00dcZ\u00dc<\/strong><\/p>\n\n\n\n<p><a href=\"https:\/\/worldfood-istanbul.com\/tr\/ziyaretci-kaydi\"><strong><sub>Z\u0130YARET\u00c7\u0130 KAYDI<\/sub><\/strong><\/a>   &#8211;   <strong>WEB S\u0130TES\u0130<\/strong><\/p>\n\n\n\n<p>FUAR ADI : DEPREME DAYANAKLI B\u0130NALAR <\/p>\n\n\n\n<p>TAR\u0130H :  09 -10 -11 EYL\u00dcL 2025 <\/p>\n\n\n\n<p><strong><a href=\"https:\/\/depremedayaniklibinalar.com\/\">&lt;&lt;  Z\u0130YARET\u00c7\u0130 OLUN  >><\/a><\/strong><\/p>\n\n\n\n<figure class=\"wp-block-image size-large\"><img loading=\"lazy\" decoding=\"async\" width=\"801\" height=\"480\" src=\"https:\/\/www.sektorturk.com\/wp-content\/uploads\/2025\/08\/st2025-tr-1752141270-801x480.png\" alt=\"\" class=\"wp-image-3940\" srcset=\"https:\/\/tr.sektorturk.com\/wp-content\/uploads\/2025\/08\/st2025-tr-1752141270-801x480.png 801w, https:\/\/tr.sektorturk.com\/wp-content\/uploads\/2025\/08\/st2025-tr-1752141270-609x365.png 609w, https:\/\/tr.sektorturk.com\/wp-content\/uploads\/2025\/08\/st2025-tr-1752141270-768x460.png 768w, https:\/\/tr.sektorturk.com\/wp-content\/uploads\/2025\/08\/st2025-tr-1752141270-1536x921.png 1536w, https:\/\/tr.sektorturk.com\/wp-content\/uploads\/2025\/08\/st2025-tr-1752141270-2048x1228.png 2048w\" sizes=\"auto, (max-width: 801px) 100vw, 801px\" \/><\/figure>\n\n\n\n<hr class=\"wp-block-separator has-alpha-channel-opacity\"\/>\n\n\n\n<p><strong>Fuar Ad\u0131     :  Texhibition \u0130stanbul, KUMA\u015e, \u0130PL\u0130K VE TEKST\u0130L AKSESUARLARI FUARI<\/strong><\/p>\n\n\n\n<p><strong>Tarih           :  10-12 Eyl\u00fcl 2025<\/strong> <\/p>\n\n\n\n<p><strong>Fuar Alan\u0131  :   \u0130stanbul Fuar Merkezi <\/strong>&#8211;<strong>YE\u015e\u0130LK\u00d6Y<\/strong><\/p>\n\n\n\n<p><strong>&lt;&lt;  <a href=\"https:\/\/www.texhibitionist.com\/ziyaretci-kayit\">Z\u0130YARET\u00c7\u0130 KAYIT  &gt;&gt;<\/a><\/strong>  <\/p>\n\n\n\n<hr class=\"wp-block-separator has-alpha-channel-opacity\"\/>\n\n\n\n<p><strong><code>FUAR ADI :  Zuchex<\/code><\/strong><\/p>\n\n\n\n<p><strong>TAR\u0130H          : 11 &#8211; 14 Eyl\u00fcl 2025<\/strong><\/p>\n\n\n\n<p><strong>FUAR ALANI : T\u00fcyap Fuar ve Kongre Merkezi <\/strong><\/p>\n\n\n\n<p><a href=\"https:\/\/register.visitcloud.com\/survey\/1hqm66nu8jizm?translation=081eruf5wd2cv&amp;actioncode=WEB8&amp;formType=Visitor%20Registration&amp;formName=vis-reg\"><strong>&lt;&lt;  Z\u0130YARET\u00c7\u0130 KAYDI<\/strong> &gt;&gt;<\/a><\/p>\n\n\n\n<hr class=\"wp-block-separator has-alpha-channel-opacity\"\/>\n\n\n\n<h4 class=\"wp-block-heading\">Fuar Ad\u0131 : Yeni Nesil Depo Sistemleri ve \u0130\u00e7 Lojistik Fuar\u0131<\/h4>\n\n\n\n<p><strong>TAR\u0130H :  18-20 Eyl\u00fcl 2025  <\/strong><\/p>\n\n\n\n<p><strong>FUAR ALANI :  CNR YE\u015e\u0130LK\u00d6Y &#8211; \u0130STANBUL FUAR MERKEZ\u0130<\/strong><\/p>\n\n\n\n<p><strong><a href=\"https:\/\/platform.hubofwarehouse.com\/register?lang=tr\"><sub>&lt;&lt;   Z\u0130YARET\u00c7\u0130 KAYDI<\/sub><\/a>  <\/strong>&gt;&gt; &#8211; <strong>WEB S\u0130TES\u0130<\/strong><\/p>\n\n\n\n<hr class=\"wp-block-separator has-alpha-channel-opacity\"\/>\n\n\n\n<h4 class=\"wp-block-heading\">Fuar Ad\u0131 : Yeni \u0130NTERMOB &#8211; MOB\u0130LYA FUARI <\/h4>\n\n\n\n<p><strong>TAR\u0130H :  25.09.2025 \/ 28.09.2025 <\/strong><\/p>\n\n\n\n<p><strong>FUAR ALANI :  CNR YE\u015e\u0130LK\u00d6Y &#8211; \u0130STANBUL FUAR MERKEZ\u0130<\/strong><\/p>\n\n\n\n<p><a href=\"https:\/\/davetiye.tuyap.online\/index.php?Fid=3284\"><strong><sub>&lt;&lt;   Z\u0130YARET\u00c7\u0130 KAYDI<\/sub>  <\/strong>&gt;&gt;<\/a> &#8211; <strong>WEB S\u0130TES\u0130<\/strong><\/p>\n\n\n\n<p><\/p>\n","protected":false},"excerpt":{"rendered":"<p>ISTANBUL &#8211; EYL\u00dcL 2025 33. WorldFood \u0130stanbul: Uluslararas\u0131 G\u0131da \u00dcr\u00fcnleri Teknolojileri Fuar\u0131 2 &#8211; 5 Eyl\u00fcl 2025 \u2022 T\u00dcYAP&nbsp;-BEYL\u0130KD\u00dcZ\u00dc Z\u0130YARET\u00c7\u0130 KAYDI &#8211; WEB S\u0130TES\u0130 FUAR ADI : DEPREME DAYANAKLI B\u0130NALAR TAR\u0130H : 09 -10 -11 EYL\u00dcL 2025 &lt;&lt; Z\u0130YARET\u00c7\u0130 OLUN >> Fuar Ad\u0131 : Texhibition \u0130stanbul, KUMA\u015e, \u0130PL\u0130K VE TEKST\u0130L AKSESUARLARI FUARI Tarih : 10-12 Eyl\u00fcl 2025 Fuar Alan\u0131 : \u0130stanbul Fuar Merkezi &#8211;YE\u015e\u0130LK\u00d6Y &lt;&lt; Z\u0130YARET\u00c7\u0130 KAYIT &gt;&gt; FUAR ADI : Zuchex TAR\u0130H : 11 &#8211; 14 Eyl\u00fcl 2025 FUAR ALANI : T\u00fcyap Fuar ve Kongre Merkezi &lt;&lt; Z\u0130YARET\u00c7\u0130 KAYDI &gt;&gt; Fuar Ad\u0131 : Yeni Nesil Depo Sistemleri ve \u0130\u00e7 Lojistik Fuar\u0131 TAR\u0130H : 18-20 Eyl\u00fcl 2025 FUAR ALANI : CNR YE\u015e\u0130LK\u00d6Y &#8211; \u0130STANBUL FUAR MERKEZ\u0130 &lt;&lt; Z\u0130YARET\u00c7\u0130 KAYDI &gt;&gt; &#8211; WEB S\u0130TES\u0130 Fuar Ad\u0131 : Yeni \u0130NTERMOB &#8211; MOB\u0130LYA FUARI TAR\u0130H : 25.09.2025 \/ 28.09.2025 FUAR ALANI : CNR YE\u015e\u0130LK\u00d6Y &#8211; \u0130STANBUL FUAR MERKEZ\u0130 &lt;&lt; Z\u0130YARET\u00c7\u0130 KAYDI &gt;&gt; &#8211; WEB S\u0130TES\u0130<\/p>\n","protected":false},"author":2,"featured_media":0,"parent":0,"menu_order":0,"comment_status":"closed","ping_status":"closed","template":"","meta":{"footnotes":""},"class_list":["post-3899","page","type-page","status-publish","hentry"],"_links":{"self":[{"href":"https:\/\/tr.sektorturk.com\/index.php?rest_route=\/wp\/v2\/pages\/3899","targetHints":{"allow":["GET"]}}],"collection":[{"href":"https:\/\/tr.sektorturk.com\/index.php?rest_route=\/wp\/v2\/pages"}],"about":[{"href":"https:\/\/tr.sektorturk.com\/index.php?rest_route=\/wp\/v2\/types\/page"}],"author":[{"embeddable":true,"href":"https:\/\/tr.sektorturk.com\/index.php?rest_route=\/wp\/v2\/users\/2"}],"replies":[{"embeddable":true,"href":"https:\/\/tr.sektorturk.com\/index.php?rest_route=%2Fwp%2Fv2%2Fcomments&post=3899"}],"version-history":[{"count":15,"href":"https:\/\/tr.sektorturk.com\/index.php?rest_route=\/wp\/v2\/pages\/3899\/revisions"}],"predecessor-version":[{"id":3942,"href":"https:\/\/tr.sektorturk.com\/index.php?rest_route=\/wp\/v2\/pages\/3899\/revisions\/3942"}],"wp:attachment":[{"href":"https:\/\/tr.sektorturk.com\/index.php?rest_route=%2Fwp%2Fv2%2Fmedia&parent=3899"}],"curies":[{"name":"wp","href":"https:\/\/api.w.org\/{rel}","templated":true}]}}