{"id":1943,"date":"2022-11-27T03:59:46","date_gmt":"2022-11-27T00:59:46","guid":{"rendered":"http:\/\/www.sektorturk.com\/?page_id=1943"},"modified":"2022-11-27T03:59:46","modified_gmt":"2022-11-27T00:59:46","slug":"kazakistan-yatirim","status":"publish","type":"page","link":"https:\/\/tr.sektorturk.com\/?page_id=1943","title":{"rendered":"KAZAKISTAN YATIRIM"},"content":{"rendered":"\n<h1 class=\"wp-block-heading\">Yeni Yat\u0131r\u0131m F\u0131rsat\u0131 : Kazakistan<\/h1>\n\n\n\n<p><\/p>\n\n\n\n<p>Kazakistan hakk\u0131nda neden yat\u0131r\u0131m yapmal\u0131y\u0131m cevab\u0131 a\u015fa\u011f\u0131daki sunumda belirtilmi\u015ftir.<\/p>\n\n\n\n<p>Sunum Dosyas\u0131 i\u00e7in&nbsp;<strong><a href=\"http:\/\/www.sektorturk.com\/kazakistan-yatirim.pdf\" target=\"_blank\" rel=\"noreferrer noopener\">T\u0131klay\u0131n\u0131z &gt;&gt;&gt;<\/a><\/strong><\/p>\n\n\n\n<p><strong>Detayl\u0131 bilgi ve sunum i\u00e7in bizimle ileti\u015fim ge\u00e7in .<\/strong><\/p>\n\n\n\n<p><strong>GSM : 0 532 466 60 68<\/strong><\/p>\n","protected":false},"excerpt":{"rendered":"<p>Yeni Yat\u0131r\u0131m F\u0131rsat\u0131 : Kazakistan Kazakistan hakk\u0131nda neden yat\u0131r\u0131m yapmal\u0131y\u0131m cevab\u0131 a\u015fa\u011f\u0131daki sunumda belirtilmi\u015ftir. Sunum Dosyas\u0131 i\u00e7in&nbsp;T\u0131klay\u0131n\u0131z &gt;&gt;&gt; Detayl\u0131 bilgi ve sunum i\u00e7in bizimle ileti\u015fim ge\u00e7in . GSM : 0 532 466 60 68<\/p>\n","protected":false},"author":2,"featured_media":1930,"parent":0,"menu_order":0,"comment_status":"closed","ping_status":"closed","template":"","meta":{"footnotes":""},"class_list":["post-1943","page","type-page","status-publish","has-post-thumbnail","hentry"],"_links":{"self":[{"href":"https:\/\/tr.sektorturk.com\/index.php?rest_route=\/wp\/v2\/pages\/1943","targetHints":{"allow":["GET"]}}],"collection":[{"href":"https:\/\/tr.sektorturk.com\/index.php?rest_route=\/wp\/v2\/pages"}],"about":[{"href":"https:\/\/tr.sektorturk.com\/index.php?rest_route=\/wp\/v2\/types\/page"}],"author":[{"embeddable":true,"href":"https:\/\/tr.sektorturk.com\/index.php?rest_route=\/wp\/v2\/users\/2"}],"replies":[{"embeddable":true,"href":"https:\/\/tr.sektorturk.com\/index.php?rest_route=%2Fwp%2Fv2%2Fcomments&post=1943"}],"version-history":[{"count":1,"href":"https:\/\/tr.sektorturk.com\/index.php?rest_route=\/wp\/v2\/pages\/1943\/revisions"}],"predecessor-version":[{"id":1945,"href":"https:\/\/tr.sektorturk.com\/index.php?rest_route=\/wp\/v2\/pages\/1943\/revisions\/1945"}],"wp:featuredmedia":[{"embeddable":true,"href":"https:\/\/tr.sektorturk.com\/index.php?rest_route=\/wp\/v2\/media\/1930"}],"wp:attachment":[{"href":"https:\/\/tr.sektorturk.com\/index.php?rest_route=%2Fwp%2Fv2%2Fmedia&parent=1943"}],"curies":[{"name":"wp","href":"https:\/\/api.w.org\/{rel}","templated":true}]}}