{"id":169,"date":"2017-03-26T13:55:05","date_gmt":"2017-03-26T10:55:05","guid":{"rendered":"http:\/\/sektorturk.com\/?page_id=169"},"modified":"2018-02-25T12:08:04","modified_gmt":"2018-02-25T10:08:04","slug":"iletisim","status":"publish","type":"page","link":"https:\/\/tr.sektorturk.com\/?page_id=169","title":{"rendered":"\u0130leti\u015fim"},"content":{"rendered":"<h4><img loading=\"lazy\" decoding=\"async\" class=\"alignnone size-full wp-image-444\" src=\"http:\/\/sektorturk.com\/wp-content\/uploads\/2018\/02\/sektorturk_son_iletisim.jpg\" alt=\"\" width=\"740\" height=\"160\" srcset=\"https:\/\/tr.sektorturk.com\/wp-content\/uploads\/2018\/02\/sektorturk_son_iletisim.jpg 740w, https:\/\/tr.sektorturk.com\/wp-content\/uploads\/2018\/02\/sektorturk_son_iletisim-660x143.jpg 660w, https:\/\/tr.sektorturk.com\/wp-content\/uploads\/2018\/02\/sektorturk_son_iletisim-465x101.jpg 465w, https:\/\/tr.sektorturk.com\/wp-content\/uploads\/2018\/02\/sektorturk_son_iletisim-695x150.jpg 695w\" sizes=\"auto, (max-width: 740px) 100vw, 740px\" \/><\/h4>\n<h4>ADRES : \u00a0YAKUPLU MERKEZ MAH. \u0130N\u00d6N\u00dc CAD. NO:21 \/ B<\/h4>\n<h4>YAKUPLU \/ BEYL\u0130KD\u00dcZ\u00dc \/ \u0130STANBUL<\/h4>\n<h4>TEL\u00a0 \u00a0 \u00a0 \u00a0 \u00a0: 0212 875 31 86<\/h4>\n<h4>GSM\u00a0 \u00a0 \u00a0 \u00a0 : \u00a00 532 466 60 68<\/h4>\n<h4>E-MA\u0130L : info@sektorturk.com<\/h4>\n<p>\n<!-- www.123formbuilder.com script begins here --><br \/>\n<script type=\"text\/javascript\" defer src=\"\/\/www.123formbuilder.com\/embed\/3477656.js\" data-role=\"form\" data-default-width=\"650px\"><\/script><\/p>\n<p>Powered by <a class=\"footerLink13\" title=\"123FormBuilder\" href=\"https:\/\/www.123formbuilder.com\">123FormBuilder<\/a>\u00a0|\u00a0<a style=\"font-size:small!important;color:#000000!important; text-decoration:underline!important;\" title=\"Looks like phishing? Report it!\" href=\"http:\/\/www.123formbuilder.com\/sfnew.php?s=123contactform-52&#038;control119314=\/\/\/contact-form--3477656.html&#038;control190=Report%20abuse\" rel=\"nofollow\">Report abuse<\/a><\/p>\n<p><!-- www.123formbuilder.com script ends here --><\/p>\n","protected":false},"excerpt":{"rendered":"<p>ADRES : \u00a0YAKUPLU MERKEZ MAH. \u0130N\u00d6N\u00dc CAD. NO:21 \/ B YAKUPLU \/ BEYL\u0130KD\u00dcZ\u00dc \/ \u0130STANBUL TEL\u00a0 \u00a0 \u00a0 \u00a0 \u00a0: 0212 875 31 86 GSM\u00a0 \u00a0 \u00a0 \u00a0 : \u00a00 532 466 60 68 E-MA\u0130L : info@sektorturk.com Powered by 123FormBuilder\u00a0|\u00a0Report abuse<\/p>\n","protected":false},"author":2,"featured_media":0,"parent":0,"menu_order":3,"comment_status":"closed","ping_status":"closed","template":"","meta":{"footnotes":""},"class_list":["post-169","page","type-page","status-publish","hentry"],"_links":{"self":[{"href":"https:\/\/tr.sektorturk.com\/index.php?rest_route=\/wp\/v2\/pages\/169","targetHints":{"allow":["GET"]}}],"collection":[{"href":"https:\/\/tr.sektorturk.com\/index.php?rest_route=\/wp\/v2\/pages"}],"about":[{"href":"https:\/\/tr.sektorturk.com\/index.php?rest_route=\/wp\/v2\/types\/page"}],"author":[{"embeddable":true,"href":"https:\/\/tr.sektorturk.com\/index.php?rest_route=\/wp\/v2\/users\/2"}],"replies":[{"embeddable":true,"href":"https:\/\/tr.sektorturk.com\/index.php?rest_route=%2Fwp%2Fv2%2Fcomments&post=169"}],"version-history":[{"count":4,"href":"https:\/\/tr.sektorturk.com\/index.php?rest_route=\/wp\/v2\/pages\/169\/revisions"}],"predecessor-version":[{"id":445,"href":"https:\/\/tr.sektorturk.com\/index.php?rest_route=\/wp\/v2\/pages\/169\/revisions\/445"}],"wp:attachment":[{"href":"https:\/\/tr.sektorturk.com\/index.php?rest_route=%2Fwp%2Fv2%2Fmedia&parent=169"}],"curies":[{"name":"wp","href":"https:\/\/api.w.org\/{rel}","templated":true}]}}